{"id":24,"date":"2023-09-06T14:55:28","date_gmt":"2023-09-06T12:55:28","guid":{"rendered":"https:\/\/hatha-yoga-ananda.fr\/?page_id=24"},"modified":"2023-09-25T16:14:08","modified_gmt":"2023-09-25T14:14:08","slug":"nous-contacter","status":"publish","type":"page","link":"https:\/\/hatha-yoga-ananda.fr\/index.php\/nous-contacter\/","title":{"rendered":"Nous contacter"},"content":{"rendered":"\n<h3 class=\"wp-block-heading has-text-align-center\">Pour contacter H\u00e9l\u00e8ne :<\/h3>\n\n\n\n<p class=\"has-text-align-center has-text-color\" style=\"color:#e6007e\"><strong>06 61 74 88 39<\/strong><\/p>\n\n\n\n<p class=\"has-text-align-center\">ou par mail \u00e0 <strong><a href=\"mailto:ln70pimouss@gmail.com\">ln70pimouss@gmail.com<\/a><\/strong><\/p>\n","protected":false},"excerpt":{"rendered":"<p>Pour contacter H\u00e9l\u00e8ne : 06 61 74 88 39 ou par mail \u00e0 ln70pimouss@gmail.com<\/p>\n","protected":false},"author":1,"featured_media":0,"parent":0,"menu_order":0,"comment_status":"closed","ping_status":"closed","template":"","meta":{"footnotes":""},"class_list":["post-24","page","type-page","status-publish","hentry"],"_links":{"self":[{"href":"https:\/\/hatha-yoga-ananda.fr\/index.php\/wp-json\/wp\/v2\/pages\/24","targetHints":{"allow":["GET"]}}],"collection":[{"href":"https:\/\/hatha-yoga-ananda.fr\/index.php\/wp-json\/wp\/v2\/pages"}],"about":[{"href":"https:\/\/hatha-yoga-ananda.fr\/index.php\/wp-json\/wp\/v2\/types\/page"}],"author":[{"embeddable":true,"href":"https:\/\/hatha-yoga-ananda.fr\/index.php\/wp-json\/wp\/v2\/users\/1"}],"replies":[{"embeddable":true,"href":"https:\/\/hatha-yoga-ananda.fr\/index.php\/wp-json\/wp\/v2\/comments?post=24"}],"version-history":[{"count":6,"href":"https:\/\/hatha-yoga-ananda.fr\/index.php\/wp-json\/wp\/v2\/pages\/24\/revisions"}],"predecessor-version":[{"id":88,"href":"https:\/\/hatha-yoga-ananda.fr\/index.php\/wp-json\/wp\/v2\/pages\/24\/revisions\/88"}],"wp:attachment":[{"href":"https:\/\/hatha-yoga-ananda.fr\/index.php\/wp-json\/wp\/v2\/media?parent=24"}],"curies":[{"name":"wp","href":"https:\/\/api.w.org\/{rel}","templated":true}]}}