{"id":17,"date":"2023-09-06T14:54:22","date_gmt":"2023-09-06T12:54:22","guid":{"rendered":"https:\/\/hatha-yoga-ananda.fr\/?page_id=17"},"modified":"2025-01-17T16:59:27","modified_gmt":"2025-01-17T15:59:27","slug":"les-tarifs-sinscrire","status":"publish","type":"page","link":"https:\/\/hatha-yoga-ananda.fr\/index.php\/les-tarifs-sinscrire\/","title":{"rendered":"Les tarifs \/ s&rsquo;inscrire"},"content":{"rendered":"\n<div class=\"wp-block-columns is-layout-flex wp-container-core-columns-is-layout-28f84493 wp-block-columns-is-layout-flex\">\n<div class=\"wp-block-column is-layout-flow wp-block-column-is-layout-flow\">\n<h3 class=\"wp-block-heading has-text-color\" style=\"color:#e6007e\">Tarif par trimestre r\u00e9glable \u00e0 l\u2019ann\u00e9e : 3 types de tarifs<\/h3>\n\n\n\n<p class=\"has-secondary-color has-text-color has-link-color wp-elements-071698e975c41058ca86b4259bc95bac\"><strong>Tarif 1<\/strong><\/p>\n\n\n\n<ul class=\"wp-block-list\">\n<li>1 cours par semaine : <strong>122\u20ac (x3)<\/strong><\/li>\n\n\n\n<li>2 cours par semaine : <strong>182\u20ac (x3)<\/strong><\/li>\n\n\n\n<li><em>Tarif pour autre membre de la famille : <\/em><strong>113\u20ac (x3)<\/strong><\/li>\n<\/ul>\n\n\n\n<p class=\"has-secondary-color has-text-color has-link-color wp-elements-d263e49727b5f0dc741bdca868c17cc3\"><strong>Tarif 2<\/strong><\/p>\n\n\n\n<p>Si vous estimez que vos ressources sont insuffisantes et ne vous<br>permettent pas de payer le plein tarif, vous pouvez opter pour le tarif 2 :<\/p>\n\n\n\n<p>1 cours par semaine : <strong>92\u20ac (x3)<\/strong><\/p>\n\n\n\n<p class=\"has-secondary-color has-text-color has-link-color wp-elements-35d0e1fdfda57903cb0389c21021c04b\"><strong>Tarif 3<\/strong><\/p>\n\n\n\n<p>Si vous \u00eates dans une situation financi\u00e8re pr\u00e9caire, vous b\u00e9n\u00e9ficierez du tarif 3 :<\/p>\n\n\n\n<p>1 cours\/semaine : <strong>62\u20ac (x3)<\/strong><\/p>\n<\/div>\n\n\n\n<div class=\"wp-block-column is-layout-flow wp-block-column-is-layout-flow\">\n<h3 class=\"wp-block-heading has-text-color has-link-color wp-elements-5ca7428bca4f98e04c73afac1a9315c8\" style=\"color:#e6007e\">Tarif par cours<\/h3>\n\n\n\n<p>Cours de passage : 15\u20ac<\/p>\n\n\n\n<p><em>Cours d\u2019essai (d\u00e9ductible si inscription) : gratuit<\/em><\/p>\n\n\n\n<h3 class=\"wp-block-heading has-text-color\" style=\"color:#e6007e\">Cours individuel : me consulter<\/h3>\n\n\n\n<h3 class=\"wp-block-heading has-text-color\" style=\"color:#009640\">\u00c0 savoir<\/h3>\n\n\n\n<p><strong>Le montant des 3 trimestres est \u00e0 r\u00e9gler \u00e0 l\u2019inscription<\/strong> par 3 ch\u00e8ques libell\u00e9s \u00e0 la date de l\u2019inscription, ils seront d\u00e9bit\u00e9s, en octobre 2024, janvier et avril 2025.<\/p>\n\n\n\n<p>Pr\u00e9voir \u00e9galement un ch\u00e8que pour adh\u00e9sion \u00e0 l\u2019association (dont assurance) : 20\u20ac.<\/p>\n<\/div>\n<\/div>\n","protected":false},"excerpt":{"rendered":"<p>Tarif par trimestre r\u00e9glable \u00e0 l\u2019ann\u00e9e : 3 types de tarifs Tarif 1 Tarif 2 Si vous estimez que vos ressources sont insuffisantes et ne vouspermettent pas de payer le plein tarif, vous pouvez opter pour le tarif 2 : 1 cours par semaine : 92\u20ac (x3) Tarif 3 Si vous \u00eates dans une situation &hellip; <\/p>\n<p class=\"link-more\"><a href=\"https:\/\/hatha-yoga-ananda.fr\/index.php\/les-tarifs-sinscrire\/\" class=\"more-link\">Lire la suite de<span class=\"screen-reader-text\">\u00ab\u00a0Les tarifs \/ s&rsquo;inscrire\u00a0\u00bb<\/span><\/a><\/p>\n","protected":false},"author":1,"featured_media":0,"parent":0,"menu_order":0,"comment_status":"closed","ping_status":"closed","template":"","meta":{"footnotes":""},"class_list":["post-17","page","type-page","status-publish","hentry"],"_links":{"self":[{"href":"https:\/\/hatha-yoga-ananda.fr\/index.php\/wp-json\/wp\/v2\/pages\/17","targetHints":{"allow":["GET"]}}],"collection":[{"href":"https:\/\/hatha-yoga-ananda.fr\/index.php\/wp-json\/wp\/v2\/pages"}],"about":[{"href":"https:\/\/hatha-yoga-ananda.fr\/index.php\/wp-json\/wp\/v2\/types\/page"}],"author":[{"embeddable":true,"href":"https:\/\/hatha-yoga-ananda.fr\/index.php\/wp-json\/wp\/v2\/users\/1"}],"replies":[{"embeddable":true,"href":"https:\/\/hatha-yoga-ananda.fr\/index.php\/wp-json\/wp\/v2\/comments?post=17"}],"version-history":[{"count":11,"href":"https:\/\/hatha-yoga-ananda.fr\/index.php\/wp-json\/wp\/v2\/pages\/17\/revisions"}],"predecessor-version":[{"id":215,"href":"https:\/\/hatha-yoga-ananda.fr\/index.php\/wp-json\/wp\/v2\/pages\/17\/revisions\/215"}],"wp:attachment":[{"href":"https:\/\/hatha-yoga-ananda.fr\/index.php\/wp-json\/wp\/v2\/media?parent=17"}],"curies":[{"name":"wp","href":"https:\/\/api.w.org\/{rel}","templated":true}]}}