{"id":14,"date":"2023-09-06T14:53:56","date_gmt":"2023-09-06T12:53:56","guid":{"rendered":"https:\/\/hatha-yoga-ananda.fr\/?page_id=14"},"modified":"2025-01-17T16:57:51","modified_gmt":"2025-01-17T15:57:51","slug":"les-cours","status":"publish","type":"page","link":"https:\/\/hatha-yoga-ananda.fr\/index.php\/les-cours\/","title":{"rendered":"Les cours"},"content":{"rendered":"\n<div class=\"wp-block-columns is-layout-flex wp-container-core-columns-is-layout-28f84493 wp-block-columns-is-layout-flex\">\n<div class=\"wp-block-column is-layout-flow wp-block-column-is-layout-flow\">\n<h2 class=\"wp-block-heading has-text-align-center has-text-color\" style=\"color:#009640\">\u00c0 Lalbenque<\/h2>\n\n\n\n<p class=\"has-text-align-center\"><strong>O\u00f9 ?<\/strong> \u00c0 la salle des f\u00eates de Lalbenque<\/p>\n\n\n\n<p class=\"has-text-align-center\"><strong>Quand ?<\/strong> Le mardi de 18h30 \u00e0 19h55<\/p>\n<\/div>\n\n\n\n<div class=\"wp-block-column is-layout-flow wp-block-column-is-layout-flow\">\n<h2 class=\"wp-block-heading has-text-align-center has-text-color\" style=\"color:#009640\">\u00c0 Vaylats<\/h2>\n\n\n\n<p class=\"has-text-align-center\"><strong>O\u00f9 ?<\/strong> \u00c0 la salle des f\u00eates de Vaylats<\/p>\n\n\n\n<p class=\"has-text-align-center\"><strong>Quand ?<\/strong> Le jeudi de 19h \u00e0 20h25<\/p>\n\n\n\n<p><\/p>\n<\/div>\n<\/div>\n","protected":false},"excerpt":{"rendered":"<p>\u00c0 Lalbenque O\u00f9 ? \u00c0 la salle des f\u00eates de Lalbenque Quand ? Le mardi de 18h30 \u00e0 19h55 \u00c0 Vaylats O\u00f9 ? \u00c0 la salle des f\u00eates de Vaylats Quand ? Le jeudi de 19h \u00e0 20h25<\/p>\n","protected":false},"author":1,"featured_media":0,"parent":0,"menu_order":0,"comment_status":"closed","ping_status":"closed","template":"","meta":{"footnotes":""},"class_list":["post-14","page","type-page","status-publish","hentry"],"_links":{"self":[{"href":"https:\/\/hatha-yoga-ananda.fr\/index.php\/wp-json\/wp\/v2\/pages\/14","targetHints":{"allow":["GET"]}}],"collection":[{"href":"https:\/\/hatha-yoga-ananda.fr\/index.php\/wp-json\/wp\/v2\/pages"}],"about":[{"href":"https:\/\/hatha-yoga-ananda.fr\/index.php\/wp-json\/wp\/v2\/types\/page"}],"author":[{"embeddable":true,"href":"https:\/\/hatha-yoga-ananda.fr\/index.php\/wp-json\/wp\/v2\/users\/1"}],"replies":[{"embeddable":true,"href":"https:\/\/hatha-yoga-ananda.fr\/index.php\/wp-json\/wp\/v2\/comments?post=14"}],"version-history":[{"count":14,"href":"https:\/\/hatha-yoga-ananda.fr\/index.php\/wp-json\/wp\/v2\/pages\/14\/revisions"}],"predecessor-version":[{"id":212,"href":"https:\/\/hatha-yoga-ananda.fr\/index.php\/wp-json\/wp\/v2\/pages\/14\/revisions\/212"}],"wp:attachment":[{"href":"https:\/\/hatha-yoga-ananda.fr\/index.php\/wp-json\/wp\/v2\/media?parent=14"}],"curies":[{"name":"wp","href":"https:\/\/api.w.org\/{rel}","templated":true}]}}